{"id":9462,"date":"2023-01-26T14:32:16","date_gmt":"2023-01-26T13:32:16","guid":{"rendered":"https:\/\/gynenov.ch\/?page_id=9462"},"modified":"2025-02-03T11:32:45","modified_gmt":"2025-02-03T10:32:45","slug":"acheter-maintenant","status":"publish","type":"page","link":"https:\/\/dev.gynenov.ch\/fr\/acheter-maintenant\/","title":{"rendered":"Acheter maintenant"},"content":{"rendered":"\r\n<style type=\"text\/css\">\r\n\t#partners-block_2caaf5c0ba5f4d277366b7426d6b0ee1 {\r\n\t\t\/* Add styles that use ACF values here *\/\r\n\t}\r\n<\/style>\r\n\r\n<div id=\"partners-block_2caaf5c0ba5f4d277366b7426d6b0ee1\" class=\"block-partners alignfull\">\r\n\r\n    \t        <div class=\"image_wrap gynenov\" style=\"background: #F7F7F7\" >\r\n            <img decoding=\"async\" src=\"https:\/\/dev.gynenov.ch\/wp-content\/uploads\/2022\/12\/gynenov.jpg\" alt=\"\" \/>\r\n\r\n            <div class=\"deco\">\r\n                <div><\/div>\r\n            <\/div>\r\n        <\/div>\r\n\r\n\r\n    \r\n\r\n\r\n\t<div class=\"container partners_content\">\r\n        <div class=\"shift_title\">\r\n            <h2>Acheter Gynenov aupr\u00e8s d\u2019une boutique partenaire<\/h2>\r\n        <\/div>\r\n        Nous sommes heureux que vous ayez choisi Gynenov. Achetez la cr\u00e8me vaginale en ligne aupr\u00e8s de l\u2019une de nos boutiques partenaires.    <\/div>\r\n\r\n\r\n\t<div class=\"container\">\r\n                    <div class=\"wrap\">\r\n                                                                <div class=\"item\">\r\n                                                                                        <div class=\"logo\"><img decoding=\"async\" src=\"https:\/\/dev.gynenov.ch\/wp-content\/uploads\/2023\/01\/apothekedrogerie.png\" alt=\"apothekedrogerie Dromenta Logo\" \/><\/div>\r\n                            \r\n                                                                                        <p class=\"text-center\">\r\n                                    <a href=\"https:\/\/www.apothekedrogerie.ch\/gynenov-vaginalcreme-7-monodos-5-ml?search=gynenov&#038;description=true&#038;utm_source=biomed&#038;utm_medium=referral&#038;utm_campaign=dro_all_rf_biomed\" class=\"btn\"  target=\"_blank\">\r\n                                        <span class=\"text\">Acheter <\/span>\r\n                                        <span class=\"btnarrow\"><\/span>\r\n                                    <\/a>\r\n                                <\/p>\r\n                                                    <\/div>\r\n                                            <div class=\"item\">\r\n                                                                                        <div class=\"logo\"><img decoding=\"async\" src=\"https:\/\/dev.gynenov.ch\/wp-content\/uploads\/2023\/02\/SST_Logo_avec_claim_fr.jpg\" alt=\"\" \/><\/div>\r\n                            \r\n                                                                                        <p class=\"text-center\">\r\n                                    <a href=\"https:\/\/www.sunstore.ch\/fr\/catalogsearch\/result?q=gynenov&#038;utm_source=biomed&#038;utm_medium=referral&#038;utm_campaign=sun_all_rf_biomed\" class=\"btn\"  target=\"_blank\">\r\n                                        <span class=\"text\">Acheter <\/span>\r\n                                        <span class=\"btnarrow\"><\/span>\r\n                                    <\/a>\r\n                                <\/p>\r\n                                                    <\/div>\r\n                                            <div class=\"item\">\r\n                                                                                        <div class=\"logo\"><img decoding=\"async\" src=\"https:\/\/dev.gynenov.ch\/wp-content\/uploads\/2023\/02\/Coop-vitality_100_rgb.gif\" alt=\"\" \/><\/div>\r\n                            \r\n                                                                                        <p class=\"text-center\">\r\n                                    <a href=\"https:\/\/www.coopvitality.ch\/fr\/catalogsearch\/result?q=gynenov&#038;utm_source=biomed&#038;utm_medium=referral&#038;utm_campaign=cv_all_rf_biomed\" class=\"btn\"  target=\"_blank\">\r\n                                        <span class=\"text\">Acheter <\/span>\r\n                                        <span class=\"btnarrow\"><\/span>\r\n                                    <\/a>\r\n                                <\/p>\r\n                                                    <\/div>\r\n                                            <div class=\"item\">\r\n                                                                                        <div class=\"logo\"><img decoding=\"async\" src=\"https:\/\/dev.gynenov.ch\/wp-content\/uploads\/2023\/01\/g-g-Logo-fur-Biomed-FR.png\" alt=\"\" \/><\/div>\r\n                            \r\n                                                                                        <p class=\"text-center\">\r\n                                    <a href=\"https:\/\/www.gesund-gekauft.ch\/fr\/nach-marken\/biomed\/gynenov-creme-vaginale.html?utm_source=biomed&#038;utm_medium=buy-button&#038;utm_campaign=product-purchase&#038;utm_id=iuuftUMCzLhWNtoEUtuQdNudSRAcVUCK\" class=\"btn\"  target=\"_blank\">\r\n                                        <span class=\"text\">Acheter <\/span>\r\n                                        <span class=\"btnarrow\"><\/span>\r\n                                    <\/a>\r\n                                <\/p>\r\n                                                    <\/div>\r\n                                            <div class=\"item\">\r\n                                                                                        <div class=\"logo\"><img decoding=\"async\" src=\"https:\/\/dev.gynenov.ch\/wp-content\/uploads\/2023\/02\/1_AV_Logo_claim_meineApo_f_cmyk_.png\" alt=\"\" \/><\/div>\r\n                            \r\n                                                                                        <p class=\"text-center\">\r\n                                    <a href=\"https:\/\/www.amavita.ch\/fr\/catalogsearch\/result?q=gynenov&#038;utm_source=biomed&#038;utm_medium=referral&#038;utm_campaign=ama_all_rf_biomed\" class=\"btn\"  target=\"_blank\">\r\n                                        <span class=\"text\">Acheter <\/span>\r\n                                        <span class=\"btnarrow\"><\/span>\r\n                                    <\/a>\r\n                                <\/p>\r\n                                                    <\/div>\r\n                                    <\/div>\r\n            <\/div>\r\n<\/div>\r\n\r\n\r\n<div class=\"partners_modal_wrap\">\r\n    <div class=\"modal\">\r\n        <p><strong>Nous attirons votre attention sur le fait que vous quittez le site www.gynenov.ch de Biomed AG.<\/strong><\/p>\r\n        <p>Biomed AG n&rsquo;a aucune influence sur la conception et le contenu des pages li\u00e9es. Nous d\u00e9clinons donc express\u00e9ment toute responsabilit\u00e9 quant \u00e0 leur contenu.<\/p>\r\n        <div class=\"buttons\">\r\n            <a class=\"close\" href=\"#\">\r\n                                    Annuler                            <\/a>\r\n            <a href=\"\" target=\"_blank\" class=\"go\">\r\n                                    OK\r\n                            <\/a>\r\n        <\/div>\r\n    <\/div>\r\n<\/div>\r\n\r\n<style>\r\n    .header .buy{\r\n        display: none !important;\r\n    }\r\n<\/style>\r\n\r\n<script>\r\n    jQuery(document).ready(function ($) {\r\n        $('.block-partners .item a').on('click', function(e){\r\n            e.preventDefault();\r\n            $('.partners_modal_wrap').addClass('active');\r\n\r\n            $('.partners_modal_wrap a.go').attr('href', $(this).attr('href'));\r\n        });\r\n\r\n        $('.partners_modal_wrap a.close').on('click', function(e){\r\n            e.preventDefault();\r\n            $('.partners_modal_wrap').removeClass('active');\r\n        });\r\n        $('.partners_modal_wrap a.go').on('click', function(e){\r\n            $('.partners_modal_wrap').removeClass('active');\r\n        });\r\n    });\r\n<\/script>\r\n\r\n\r\n\n\n\r\n<style type=\"text\/css\">\r\n\t#biomed-products-block_062ce8af427ce780397f02ddf8e7226c {\r\n\t\t\/* Add styles that use ACF values here *\/\r\n\t}\r\n<\/style>\r\n\r\n<div id=\"biomed-products-block_062ce8af427ce780397f02ddf8e7226c\" class=\"block-biomed-products alignfull\">\r\n\t<div class=\"container\">\r\n                    <div class=\"intro_text\">\r\n                                    <h3>D\u00e9couvrez \u00e9galement d\u2019autres produits de Biomed AG.<\/h3>\r\n                                            <\/div>\r\n            <div class=\"wrap\">\r\n                                    <div class=\"item\">\r\n                        <div class=\"title\">MIN\u00c9RAUX<\/div>\r\n                        <p><a href=\"https:\/\/www.magnesium-biomed.ch\/fr\/Home\" target=\"_blank\" rel=\"noopener\">Magnesium Biomed<\/a><br \/>\n<a href=\"https:\/\/www.immun-biomed.ch\/fr\/Home\" target=\"_blank\" rel=\"noopener\">Immun Biomed<\/a><br \/>\n<a href=\"https:\/\/www.eisen-biomed.ch\/fr\/Home\" target=\"_blank\" rel=\"noopener\">Fer Biomed<\/a><br \/>\n<a href=\"https:\/\/www.zink-biomed.ch\/fr\/Home\" target=\"_blank\" rel=\"noopener\">Zink Biomed<\/a><\/p>\n                    <\/div>\r\n                                    <div class=\"item\">\r\n                        <div class=\"title\">MALADIE RESPIRATOIRE \/ REFROIDISSEMENT<\/div>\r\n                        <p><a href=\"https:\/\/www.sinusitis-bronchitis.ch\/fr\/Home\" target=\"_blank\" rel=\"noopener\">Sinupret extract<\/a><br \/>\n<a href=\"https:\/\/www.sinusitis-bronchitis.ch\/fr\/Home\" target=\"_blank\" rel=\"noopener\">Bronchipret Thym Lierre Sirop<\/a><\/p>\n                    <\/div>\r\n                                    <div class=\"item\">\r\n                        <div class=\"title\">SANT\u00c9 INTIME<\/div>\r\n                        <p><a href=\"https:\/\/www.canephron.ch\/fr\/\" target=\"_blank\" rel=\"noopener\">Canephron<\/a><\/p>\n<p><a href=\"https:\/\/www.deumavan.ch\/fr\/\" target=\"_blank\" rel=\"noopener\">Deumavan<\/a><\/p>\n                    <\/div>\r\n                                    <div class=\"item\">\r\n                        <div class=\"title\">PRODUITS DE POIDS<\/div>\r\n                        <p><a href=\"https:\/\/www.natuerlichabnehmen.ch\/fr\/inshape\" target=\"_blank\" rel=\"noopener\">InShape Biomed<\/a><\/p>\n<p><a href=\"https:\/\/www.reduforte.ch\/fr\/\" target=\"_blank\" rel=\"noopener\">Reduforte Biomed<\/a><\/p>\n<p><a href=\"https:\/\/www.natuerlichabnehmen.ch\/fr\/appcontrol\" target=\"_blank\" rel=\"noopener\">AppControl Biomed<\/a><\/p>\n                    <\/div>\r\n                                    <div class=\"item\">\r\n                        <div class=\"title\">CHEVEUX ET ONGLES<\/div>\r\n                        <p><a href=\"https:\/\/biotin.ch\/fr\/\" target=\"_blank\" rel=\"noopener\">Biotin-Biomed forte 5 mg<\/a><\/p>\n<p><a href=\"https:\/\/biotin.ch\/fr\/\" target=\"_blank\" rel=\"noopener\">Biotin-Biomed plus<\/a><\/p>\n                    <\/div>\r\n                                    <div class=\"item\">\r\n                        <div class=\"title\">PIQ\u00dbRES D\u2019INSECTES<\/div>\r\n                        <p><a href=\"https:\/\/www.parapic.ch\/fr\/Home\" target=\"_blank\" rel=\"noopener\">Parapic<\/a><\/p>\n                    <\/div>\r\n                                <\/div>\r\n            <\/div>\r\n<\/div>","protected":false},"excerpt":{"rendered":"","protected":false},"author":2,"featured_media":0,"parent":0,"menu_order":0,"comment_status":"closed","ping_status":"closed","template":"","meta":{"_acf_changed":false,"footnotes":""},"class_list":["post-9462","page","type-page","status-publish","hentry"],"acf":[],"yoast_head":"<!-- This site is optimized with the Yoast SEO plugin v23.9 - https:\/\/yoast.com\/wordpress\/plugins\/seo\/ -->\n<title>Acheter maintenant - Gynenov<\/title>\n<meta name=\"description\" content=\"Nous sommes heureux que vous ayez choisi Gynenov. Achetez la cr\u00e8me vaginale en ligne aupr\u00e8s de l\u2019une de nos boutiques partenaires.\" \/>\n<meta name=\"robots\" content=\"noindex, follow, max-snippet:-1, max-image-preview:large, max-video-preview:-1\" \/>\n<meta property=\"og:locale\" content=\"fr_FR\" \/>\n<meta property=\"og:type\" content=\"article\" \/>\n<meta property=\"og:title\" content=\"Acheter maintenant - Gynenov\" \/>\n<meta property=\"og:description\" content=\"Nous sommes heureux que vous ayez choisi Gynenov. Achetez la cr\u00e8me vaginale en ligne aupr\u00e8s de l\u2019une de nos boutiques partenaires.\" \/>\n<meta property=\"og:url\" content=\"https:\/\/dev.gynenov.ch\/fr\/acheter-maintenant\/\" \/>\n<meta property=\"og:site_name\" content=\"Gynenov\" \/>\n<meta property=\"article:modified_time\" content=\"2025-02-03T10:32:45+00:00\" \/>\n<meta name=\"twitter:card\" content=\"summary_large_image\" \/>\n<script type=\"application\/ld+json\" class=\"yoast-schema-graph\">{\"@context\":\"https:\/\/schema.org\",\"@graph\":[{\"@type\":\"WebPage\",\"@id\":\"https:\/\/dev.gynenov.ch\/fr\/acheter-maintenant\/\",\"url\":\"https:\/\/dev.gynenov.ch\/fr\/acheter-maintenant\/\",\"name\":\"Acheter maintenant - Gynenov\",\"isPartOf\":{\"@id\":\"https:\/\/dev.gynenov.ch\/fr\/#website\"},\"datePublished\":\"2023-01-26T13:32:16+00:00\",\"dateModified\":\"2025-02-03T10:32:45+00:00\",\"description\":\"Nous sommes heureux que vous ayez choisi Gynenov. Achetez la cr\u00e8me vaginale en ligne aupr\u00e8s de l\u2019une de nos boutiques partenaires.\",\"breadcrumb\":{\"@id\":\"https:\/\/dev.gynenov.ch\/fr\/acheter-maintenant\/#breadcrumb\"},\"inLanguage\":\"fr-FR\",\"potentialAction\":[{\"@type\":\"ReadAction\",\"target\":[\"https:\/\/dev.gynenov.ch\/fr\/acheter-maintenant\/\"]}]},{\"@type\":\"BreadcrumbList\",\"@id\":\"https:\/\/dev.gynenov.ch\/fr\/acheter-maintenant\/#breadcrumb\",\"itemListElement\":[{\"@type\":\"ListItem\",\"position\":1,\"name\":\"Home\",\"item\":\"https:\/\/dev.gynenov.ch\/fr\/\"},{\"@type\":\"ListItem\",\"position\":2,\"name\":\"Acheter maintenant\"}]},{\"@type\":\"WebSite\",\"@id\":\"https:\/\/dev.gynenov.ch\/fr\/#website\",\"url\":\"https:\/\/dev.gynenov.ch\/fr\/\",\"name\":\"Gynenov\",\"description\":\"\",\"potentialAction\":[{\"@type\":\"SearchAction\",\"target\":{\"@type\":\"EntryPoint\",\"urlTemplate\":\"https:\/\/dev.gynenov.ch\/fr\/?s={search_term_string}\"},\"query-input\":{\"@type\":\"PropertyValueSpecification\",\"valueRequired\":true,\"valueName\":\"search_term_string\"}}],\"inLanguage\":\"fr-FR\"}]}<\/script>\n<!-- \/ Yoast SEO plugin. -->","yoast_head_json":{"title":"Acheter maintenant - Gynenov","description":"Nous sommes heureux que vous ayez choisi Gynenov. Achetez la cr\u00e8me vaginale en ligne aupr\u00e8s de l\u2019une de nos boutiques partenaires.","robots":{"index":"noindex","follow":"follow","max-snippet":"max-snippet:-1","max-image-preview":"max-image-preview:large","max-video-preview":"max-video-preview:-1"},"og_locale":"fr_FR","og_type":"article","og_title":"Acheter maintenant - Gynenov","og_description":"Nous sommes heureux que vous ayez choisi Gynenov. Achetez la cr\u00e8me vaginale en ligne aupr\u00e8s de l\u2019une de nos boutiques partenaires.","og_url":"https:\/\/dev.gynenov.ch\/fr\/acheter-maintenant\/","og_site_name":"Gynenov","article_modified_time":"2025-02-03T10:32:45+00:00","twitter_card":"summary_large_image","schema":{"@context":"https:\/\/schema.org","@graph":[{"@type":"WebPage","@id":"https:\/\/dev.gynenov.ch\/fr\/acheter-maintenant\/","url":"https:\/\/dev.gynenov.ch\/fr\/acheter-maintenant\/","name":"Acheter maintenant - Gynenov","isPartOf":{"@id":"https:\/\/dev.gynenov.ch\/fr\/#website"},"datePublished":"2023-01-26T13:32:16+00:00","dateModified":"2025-02-03T10:32:45+00:00","description":"Nous sommes heureux que vous ayez choisi Gynenov. Achetez la cr\u00e8me vaginale en ligne aupr\u00e8s de l\u2019une de nos boutiques partenaires.","breadcrumb":{"@id":"https:\/\/dev.gynenov.ch\/fr\/acheter-maintenant\/#breadcrumb"},"inLanguage":"fr-FR","potentialAction":[{"@type":"ReadAction","target":["https:\/\/dev.gynenov.ch\/fr\/acheter-maintenant\/"]}]},{"@type":"BreadcrumbList","@id":"https:\/\/dev.gynenov.ch\/fr\/acheter-maintenant\/#breadcrumb","itemListElement":[{"@type":"ListItem","position":1,"name":"Home","item":"https:\/\/dev.gynenov.ch\/fr\/"},{"@type":"ListItem","position":2,"name":"Acheter maintenant"}]},{"@type":"WebSite","@id":"https:\/\/dev.gynenov.ch\/fr\/#website","url":"https:\/\/dev.gynenov.ch\/fr\/","name":"Gynenov","description":"","potentialAction":[{"@type":"SearchAction","target":{"@type":"EntryPoint","urlTemplate":"https:\/\/dev.gynenov.ch\/fr\/?s={search_term_string}"},"query-input":{"@type":"PropertyValueSpecification","valueRequired":true,"valueName":"search_term_string"}}],"inLanguage":"fr-FR"}]}},"_links":{"self":[{"href":"https:\/\/dev.gynenov.ch\/fr\/wp-json\/wp\/v2\/pages\/9462","targetHints":{"allow":["GET"]}}],"collection":[{"href":"https:\/\/dev.gynenov.ch\/fr\/wp-json\/wp\/v2\/pages"}],"about":[{"href":"https:\/\/dev.gynenov.ch\/fr\/wp-json\/wp\/v2\/types\/page"}],"author":[{"embeddable":true,"href":"https:\/\/dev.gynenov.ch\/fr\/wp-json\/wp\/v2\/users\/2"}],"replies":[{"embeddable":true,"href":"https:\/\/dev.gynenov.ch\/fr\/wp-json\/wp\/v2\/comments?post=9462"}],"version-history":[{"count":46,"href":"https:\/\/dev.gynenov.ch\/fr\/wp-json\/wp\/v2\/pages\/9462\/revisions"}],"predecessor-version":[{"id":9763,"href":"https:\/\/dev.gynenov.ch\/fr\/wp-json\/wp\/v2\/pages\/9462\/revisions\/9763"}],"wp:attachment":[{"href":"https:\/\/dev.gynenov.ch\/fr\/wp-json\/wp\/v2\/media?parent=9462"}],"curies":[{"name":"wp","href":"https:\/\/api.w.org\/{rel}","templated":true}]}}